{"id":4890,"date":"2022-01-31T11:06:09","date_gmt":"2022-01-31T11:06:09","guid":{"rendered":"https:\/\/invesis.localhost\/ce-que-nous-faisons\/"},"modified":"2025-06-24T14:27:57","modified_gmt":"2025-06-24T14:27:57","slug":"ce-que-nous-faisons","status":"publish","type":"page","link":"https:\/\/www.invesis.com\/fr\/ce-que-nous-faisons\/","title":{"rendered":"Ce que nous faisons"},"content":{"rendered":"","protected":false},"excerpt":{"rendered":"","protected":false},"author":1,"featured_media":4891,"parent":0,"menu_order":30,"comment_status":"closed","ping_status":"closed","template":"template-pagebuilder.php","meta":{"_acf_changed":false,"footnotes":""},"class_list":["post-4890","page","type-page","status-publish","has-post-thumbnail","hentry"],"acf":[],"yoast_head":"<!-- This site is optimized with the Yoast SEO plugin v27.3 - https:\/\/yoast.com\/product\/yoast-seo-wordpress\/ -->\n<title>Ce que nous faisons | Transports et Infrastructures sociales | Transition num\u00e9rique et \u00e9nerg\u00e9tique | Invesis<\/title>\n<meta name=\"description\" content=\"Invesis construit des projets d&#039;infrastucture qui am\u00e9liorent le quotidien des populations. Nous sommes experts des projets PPP, dans le secteur des transports, des r\u00e9seaux num\u00e9riques et de l&#039;\u00e9nergie.\" \/>\n<meta name=\"robots\" content=\"index, follow, max-snippet:-1, max-image-preview:large, max-video-preview:-1\" \/>\n<link rel=\"canonical\" href=\"https:\/\/www.invesis.com\/fr\/ce-que-nous-faisons\/\" \/>\n<meta property=\"og:locale\" content=\"fr_FR\" \/>\n<meta property=\"og:type\" content=\"article\" \/>\n<meta property=\"og:title\" content=\"Ce que nous faisons | Transports et Infrastructures sociales | Transition num\u00e9rique et \u00e9nerg\u00e9tique | Invesis\" \/>\n<meta property=\"og:description\" content=\"Invesis construit des projets d&#039;infrastucture qui am\u00e9liorent le quotidien des populations. Nous sommes experts des projets PPP, dans le secteur des transports, des r\u00e9seaux num\u00e9riques et de l&#039;\u00e9nergie.\" \/>\n<meta property=\"og:url\" content=\"https:\/\/www.invesis.com\/fr\/ce-que-nous-faisons\/\" \/>\n<meta property=\"og:site_name\" content=\"Invesis\" \/>\n<meta property=\"article:modified_time\" content=\"2025-06-24T14:27:57+00:00\" \/>\n<meta property=\"og:image\" content=\"https:\/\/www.invesis.com\/wp-content\/uploads\/2022\/04\/hero-man-laptop-comp.jpg\" \/>\n\t<meta property=\"og:image:width\" content=\"953\" \/>\n\t<meta property=\"og:image:height\" content=\"1406\" \/>\n\t<meta property=\"og:image:type\" content=\"image\/jpeg\" \/>\n<meta name=\"twitter:card\" content=\"summary_large_image\" \/>\n<script type=\"application\/ld+json\" class=\"yoast-schema-graph\">{\"@context\":\"https:\\\/\\\/schema.org\",\"@graph\":[{\"@type\":\"WebPage\",\"@id\":\"https:\\\/\\\/www.invesis.com\\\/fr\\\/ce-que-nous-faisons\\\/\",\"url\":\"https:\\\/\\\/www.invesis.com\\\/fr\\\/ce-que-nous-faisons\\\/\",\"name\":\"Ce que nous faisons | Transports et Infrastructures sociales | Transition num\u00e9rique et \u00e9nerg\u00e9tique | Invesis\",\"isPartOf\":{\"@id\":\"https:\\\/\\\/www.invesis.com\\\/#website\"},\"primaryImageOfPage\":{\"@id\":\"https:\\\/\\\/www.invesis.com\\\/fr\\\/ce-que-nous-faisons\\\/#primaryimage\"},\"image\":{\"@id\":\"https:\\\/\\\/www.invesis.com\\\/fr\\\/ce-que-nous-faisons\\\/#primaryimage\"},\"thumbnailUrl\":\"https:\\\/\\\/www.invesis.com\\\/wp-content\\\/uploads\\\/2022\\\/04\\\/hero-man-laptop-comp.jpg\",\"datePublished\":\"2022-01-31T11:06:09+00:00\",\"dateModified\":\"2025-06-24T14:27:57+00:00\",\"description\":\"Invesis construit des projets d'infrastucture qui am\u00e9liorent le quotidien des populations. Nous sommes experts des projets PPP, dans le secteur des transports, des r\u00e9seaux num\u00e9riques et de l'\u00e9nergie.\",\"breadcrumb\":{\"@id\":\"https:\\\/\\\/www.invesis.com\\\/fr\\\/ce-que-nous-faisons\\\/#breadcrumb\"},\"inLanguage\":\"fr-FR\",\"potentialAction\":[{\"@type\":\"ReadAction\",\"target\":[\"https:\\\/\\\/www.invesis.com\\\/fr\\\/ce-que-nous-faisons\\\/\"]}]},{\"@type\":\"ImageObject\",\"inLanguage\":\"fr-FR\",\"@id\":\"https:\\\/\\\/www.invesis.com\\\/fr\\\/ce-que-nous-faisons\\\/#primaryimage\",\"url\":\"https:\\\/\\\/www.invesis.com\\\/wp-content\\\/uploads\\\/2022\\\/04\\\/hero-man-laptop-comp.jpg\",\"contentUrl\":\"https:\\\/\\\/www.invesis.com\\\/wp-content\\\/uploads\\\/2022\\\/04\\\/hero-man-laptop-comp.jpg\",\"width\":953,\"height\":1406,\"caption\":\"Homme avec ordinateur portable\"},{\"@type\":\"BreadcrumbList\",\"@id\":\"https:\\\/\\\/www.invesis.com\\\/fr\\\/ce-que-nous-faisons\\\/#breadcrumb\",\"itemListElement\":[{\"@type\":\"ListItem\",\"position\":1,\"name\":\"Home\",\"item\":\"https:\\\/\\\/www.invesis.com\\\/fr\\\/\"},{\"@type\":\"ListItem\",\"position\":2,\"name\":\"Ce que nous faisons\"}]},{\"@type\":\"WebSite\",\"@id\":\"https:\\\/\\\/www.invesis.com\\\/#website\",\"url\":\"https:\\\/\\\/www.invesis.com\\\/\",\"name\":\"Invesis\",\"description\":\"\",\"potentialAction\":[{\"@type\":\"SearchAction\",\"target\":{\"@type\":\"EntryPoint\",\"urlTemplate\":\"https:\\\/\\\/www.invesis.com\\\/?s={search_term_string}\"},\"query-input\":{\"@type\":\"PropertyValueSpecification\",\"valueRequired\":true,\"valueName\":\"search_term_string\"}}],\"inLanguage\":\"fr-FR\"}]}<\/script>\n<!-- \/ Yoast SEO plugin. -->","yoast_head_json":{"title":"Ce que nous faisons | Transports et Infrastructures sociales | Transition num\u00e9rique et \u00e9nerg\u00e9tique | Invesis","description":"Invesis construit des projets d'infrastucture qui am\u00e9liorent le quotidien des populations. Nous sommes experts des projets PPP, dans le secteur des transports, des r\u00e9seaux num\u00e9riques et de l'\u00e9nergie.","robots":{"index":"index","follow":"follow","max-snippet":"max-snippet:-1","max-image-preview":"max-image-preview:large","max-video-preview":"max-video-preview:-1"},"canonical":"https:\/\/www.invesis.com\/fr\/ce-que-nous-faisons\/","og_locale":"fr_FR","og_type":"article","og_title":"Ce que nous faisons | Transports et Infrastructures sociales | Transition num\u00e9rique et \u00e9nerg\u00e9tique | Invesis","og_description":"Invesis construit des projets d'infrastucture qui am\u00e9liorent le quotidien des populations. Nous sommes experts des projets PPP, dans le secteur des transports, des r\u00e9seaux num\u00e9riques et de l'\u00e9nergie.","og_url":"https:\/\/www.invesis.com\/fr\/ce-que-nous-faisons\/","og_site_name":"Invesis","article_modified_time":"2025-06-24T14:27:57+00:00","og_image":[{"width":953,"height":1406,"url":"https:\/\/www.invesis.com\/wp-content\/uploads\/2022\/04\/hero-man-laptop-comp.jpg","type":"image\/jpeg"}],"twitter_card":"summary_large_image","schema":{"@context":"https:\/\/schema.org","@graph":[{"@type":"WebPage","@id":"https:\/\/www.invesis.com\/fr\/ce-que-nous-faisons\/","url":"https:\/\/www.invesis.com\/fr\/ce-que-nous-faisons\/","name":"Ce que nous faisons | Transports et Infrastructures sociales | Transition num\u00e9rique et \u00e9nerg\u00e9tique | Invesis","isPartOf":{"@id":"https:\/\/www.invesis.com\/#website"},"primaryImageOfPage":{"@id":"https:\/\/www.invesis.com\/fr\/ce-que-nous-faisons\/#primaryimage"},"image":{"@id":"https:\/\/www.invesis.com\/fr\/ce-que-nous-faisons\/#primaryimage"},"thumbnailUrl":"https:\/\/www.invesis.com\/wp-content\/uploads\/2022\/04\/hero-man-laptop-comp.jpg","datePublished":"2022-01-31T11:06:09+00:00","dateModified":"2025-06-24T14:27:57+00:00","description":"Invesis construit des projets d'infrastucture qui am\u00e9liorent le quotidien des populations. Nous sommes experts des projets PPP, dans le secteur des transports, des r\u00e9seaux num\u00e9riques et de l'\u00e9nergie.","breadcrumb":{"@id":"https:\/\/www.invesis.com\/fr\/ce-que-nous-faisons\/#breadcrumb"},"inLanguage":"fr-FR","potentialAction":[{"@type":"ReadAction","target":["https:\/\/www.invesis.com\/fr\/ce-que-nous-faisons\/"]}]},{"@type":"ImageObject","inLanguage":"fr-FR","@id":"https:\/\/www.invesis.com\/fr\/ce-que-nous-faisons\/#primaryimage","url":"https:\/\/www.invesis.com\/wp-content\/uploads\/2022\/04\/hero-man-laptop-comp.jpg","contentUrl":"https:\/\/www.invesis.com\/wp-content\/uploads\/2022\/04\/hero-man-laptop-comp.jpg","width":953,"height":1406,"caption":"Homme avec ordinateur portable"},{"@type":"BreadcrumbList","@id":"https:\/\/www.invesis.com\/fr\/ce-que-nous-faisons\/#breadcrumb","itemListElement":[{"@type":"ListItem","position":1,"name":"Home","item":"https:\/\/www.invesis.com\/fr\/"},{"@type":"ListItem","position":2,"name":"Ce que nous faisons"}]},{"@type":"WebSite","@id":"https:\/\/www.invesis.com\/#website","url":"https:\/\/www.invesis.com\/","name":"Invesis","description":"","potentialAction":[{"@type":"SearchAction","target":{"@type":"EntryPoint","urlTemplate":"https:\/\/www.invesis.com\/?s={search_term_string}"},"query-input":{"@type":"PropertyValueSpecification","valueRequired":true,"valueName":"search_term_string"}}],"inLanguage":"fr-FR"}]}},"_links":{"self":[{"href":"https:\/\/www.invesis.com\/fr\/wp-json\/wp\/v2\/pages\/4890","targetHints":{"allow":["GET"]}}],"collection":[{"href":"https:\/\/www.invesis.com\/fr\/wp-json\/wp\/v2\/pages"}],"about":[{"href":"https:\/\/www.invesis.com\/fr\/wp-json\/wp\/v2\/types\/page"}],"author":[{"embeddable":true,"href":"https:\/\/www.invesis.com\/fr\/wp-json\/wp\/v2\/users\/1"}],"replies":[{"embeddable":true,"href":"https:\/\/www.invesis.com\/fr\/wp-json\/wp\/v2\/comments?post=4890"}],"version-history":[{"count":0,"href":"https:\/\/www.invesis.com\/fr\/wp-json\/wp\/v2\/pages\/4890\/revisions"}],"wp:featuredmedia":[{"embeddable":true,"href":"https:\/\/www.invesis.com\/fr\/wp-json\/wp\/v2\/media\/4891"}],"wp:attachment":[{"href":"https:\/\/www.invesis.com\/fr\/wp-json\/wp\/v2\/media?parent=4890"}],"curies":[{"name":"wp","href":"https:\/\/api.w.org\/{rel}","templated":true}]}}